{"id":2169,"date":"2021-04-14T16:40:22","date_gmt":"2021-04-14T16:40:22","guid":{"rendered":"https:\/\/ginkgo-syn.de\/impressum\/"},"modified":"2025-09-11T14:45:58","modified_gmt":"2025-09-11T14:45:58","slug":"impressum","status":"publish","type":"page","link":"https:\/\/ginkgo-syn.de\/sr\/impressum\/","title":{"rendered":"Impresum"},"content":{"rendered":"<div class=\"fusion-fullwidth fullwidth-box fusion-builder-row-1 fusion-flex-container nonhundred-percent-fullwidth non-hundred-percent-height-scrolling\" style=\"--awb-border-radius-top-left:0px;--awb-border-radius-top-right:0px;--awb-border-radius-bottom-right:0px;--awb-border-radius-bottom-left:0px;--awb-flex-wrap:wrap;\" ><div class=\"fusion-builder-row fusion-row fusion-flex-align-items-flex-start fusion-flex-content-wrap\" style=\"max-width:1352px;margin-left: calc(-4% \/ 2 );margin-right: calc(-4% \/ 2 );\"><div class=\"fusion-layout-column fusion_builder_column fusion-builder-column-0 fusion_builder_column_1_1 1_1 fusion-flex-column\" style=\"--awb-bg-size:cover;--awb-width-large:100%;--awb-margin-top-large:0px;--awb-spacing-right-large:1.92%;--awb-margin-bottom-large:0px;--awb-spacing-left-large:1.92%;--awb-width-medium:100%;--awb-spacing-right-medium:1.92%;--awb-spacing-left-medium:1.92%;--awb-width-small:100%;--awb-spacing-right-small:1.92%;--awb-spacing-left-small:1.92%;\"><div class=\"fusion-column-wrapper fusion-flex-justify-content-flex-start fusion-content-layout-column\"><div class=\"fusion-text fusion-text-1\"><h1 data-fontsize=\"90\" style=\"--fontSize: 90; line-height: 1.2;\" data-lineheight=\"108px\" class=\"fusion-responsive-typography-calculated\">Impresum<\/h1>\n<h2 data-fontsize=\"72\" style=\"--fontSize: 72; line-height: 1.28;\" data-lineheight=\"92.16px\" class=\"fusion-responsive-typography-calculated\">Informacije u skladu sa \u00a7 5 TMG<\/h2>\n<p>GINKGO M\u00f6glichkeitenRaum<br \/>Georg \u00d0. Nini\u0107 <span style=\"color: var(--awb-text-color); font-family: var(--awb-text-font-family); font-size: var(--awb-font-size); font-style: var(--awb-text-font-style); font-weight: var(--awb-text-font-weight); letter-spacing: var(--awb-letter-spacing); text-align: var(--awb-content-alignment); text-transform: var(--awb-text-transform); background-color: var(--awb-bg-color-hover);\"><br \/><\/span><\/p>\n<p><span style=\"color: var(--awb-text-color); font-family: var(--awb-text-font-family); font-size: var(--awb-font-size); font-style: var(--awb-text-font-style); font-weight: var(--awb-text-font-weight); letter-spacing: var(--awb-letter-spacing); text-align: var(--awb-content-alignment); text-transform: var(--awb-text-transform); background-color: var(--awb-bg-color-hover);\">Gerokstra\u00dfe 15<br \/><\/span><\/p>\n<p><span style=\"color: var(--awb-text-color); font-family: var(--awb-text-font-family); font-size: var(--awb-font-size); font-style: var(--awb-text-font-style); font-weight: var(--awb-text-font-weight); letter-spacing: var(--awb-letter-spacing); text-align: var(--awb-content-alignment); text-transform: var(--awb-text-transform); background-color: var(--awb-bg-color-hover);\">70184 \u0160tutgart<\/span><\/p>\n<\/p>\n<h2 data-fontsize=\"72\" style=\"--fontSize: 72; line-height: 1.28;\" data-lineheight=\"92.16px\" class=\"fusion-responsive-typography-calculated\">Kontakt<\/h2>\n<p>Telefon: 0711.284.14.481<br \/>E-po\u0161ta: jetzt@ginkgo-moeglichkeitenraum.de<\/p>\n<h2 data-fontsize=\"72\" style=\"--fontSize: 72; line-height: 1.28;\" data-lineheight=\"92.16px\" class=\"fusion-responsive-typography-calculated\">EU re\u0161avanje sporova<\/h2>\n<p>Evropska komisija obezbe\u0111uje platformu za onlajn re\u0161avanje sporova (OS): <a href=\"https:\/\/ec.europa.eu\/consumers\/odr\/\" target=\"_blank\" rel=\"noopener noreferrer\">https:\/\/ec.europa.eu\/consumers\/odr\/<\/a>.<br \/>Na\u0161u e-mail adresu mo\u017eete prona\u0107i gore u impresumu.<\/p>\n<h2 data-fontsize=\"72\" style=\"--fontSize: 72; line-height: 1.28;\" data-lineheight=\"92.16px\" class=\"fusion-responsive-typography-calculated\">Re\u0161avanje potro\u0161a\u010dkih sporova\/Univerzalna arbitra\u017ena komisija<\/h2>\n<p>Nismo spremni niti obavezni da u\u010destvujemo u postupcima re\u0161avanja sporova pred potro\u0161a\u010dkom arbitra\u017enom komisijom.<\/p>\n<h3 data-fontsize=\"36\" style=\"--fontSize: 36; line-height: 1.5;\" data-lineheight=\"54px\" class=\"fusion-responsive-typography-calculated\">Odgovornost za sadr\u017eaj<\/h3>\n<p>Kao pru\u017ealac usluga, u skladu sa \u00a7 7 st. 1 TMG, odgovorni smo za sopstveni sadr\u017eaj na ovim stranicama u skladu sa op\u0161tim zakonima. Me\u0111utim, prema \u00a7\u00a7 8 do 10 TMG, kao pru\u017ealac usluga nismo obavezni da nadziremo prenete ili sa\u010duvane informacije tre\u0107ih lica ili da istra\u017eujemo okolnosti koje ukazuju na nezakonitu aktivnost.  <\/p>\n<p>Obaveze uklanjanja ili blokiranja kori\u0161\u0107enja informacija u skladu sa op\u0161tim zakonima ostaju nepromenjene. Me\u0111utim, odgovornost u tom pogledu je mogu\u0107a tek od trenutka saznanja o konkretnoj povredi zakona. Ukoliko saznamo za odgovaraju\u0107e povrede zakona, odmah \u0107emo ukloniti ovaj sadr\u017eaj.  <\/p>\n<h3 data-fontsize=\"36\" style=\"--fontSize: 36; line-height: 1.5;\" data-lineheight=\"54px\" class=\"fusion-responsive-typography-calculated\">Odgovornost za linkove<\/h3>\n<p>Na\u0161a ponuda sadr\u017ei linkove ka eksternim veb-sajtovima tre\u0107ih lica, na \u010diji sadr\u017eaj nemamo uticaja. Stoga ne mo\u017eemo preuzeti nikakvu odgovornost za ovaj eksterni sadr\u017eaj. Za sadr\u017eaj linkovanih stranica uvek je odgovoran odgovaraju\u0107i provajder ili operater stranica. Linkovane stranice su proverene na mogu\u0107e povrede zakona u trenutku linkovanja. Nezakonit sadr\u017eaj nije bio prepoznatljiv u trenutku linkovanja.    <\/p>\n<p>Me\u0111utim, trajna kontrola sadr\u017eaja linkovanih stranica nije razumna bez konkretnih indikacija povrede zakona. Ukoliko saznamo za povrede zakona, odmah \u0107emo ukloniti takve linkove. <\/p>\n<h3 data-fontsize=\"36\" style=\"--fontSize: 36; line-height: 1.5;\" data-lineheight=\"54px\" class=\"fusion-responsive-typography-calculated\">Autorsko pravo<\/h3>\n<p>Sadr\u017eaj i dela na ovim stranicama koje su kreirali operateri sajta podle\u017eu nema\u010dkom zakonu o autorskim pravima. Umno\u017eavanje, obrada, distribucija i bilo koja vrsta iskori\u0161\u0107avanja izvan granica zakona o autorskim pravima zahtevaju pismenu saglasnost odgovaraju\u0107eg autora ili kreatora. Preuzimanja i kopije ove stranice su dozvoljeni samo za privatnu, nekomercijalnu upotrebu.  <\/p>\n<p>Ukoliko sadr\u017eaj na ovoj stranici nije kreiran od strane operatera, po\u0161tuju se autorska prava tre\u0107ih lica. Konkretno, sadr\u017eaj tre\u0107ih lica je ozna\u010den kao takav. Ukoliko ipak primetite povredu autorskih prava, molimo vas da nas obavestite. Ukoliko saznamo za povrede zakona, odmah \u0107emo ukloniti takav sadr\u017eaj.   <\/p>\n<\/div><\/div><\/div><\/div><\/div>\n","protected":false},"excerpt":{"rendered":"","protected":false},"author":3,"featured_media":0,"parent":0,"menu_order":0,"comment_status":"closed","ping_status":"closed","template":"","meta":{"footnotes":""},"class_list":["post-2169","page","type-page","status-publish","hentry"],"yoast_head":"<!-- This site is optimized with the Yoast SEO plugin v26.1.1 - https:\/\/yoast.com\/wordpress\/plugins\/seo\/ -->\n<title>Impresum - Ginkgo Synthese<\/title>\n<meta name=\"robots\" content=\"index, follow, max-snippet:-1, max-image-preview:large, max-video-preview:-1\" \/>\n<link rel=\"canonical\" href=\"https:\/\/ginkgo-syn.de\/sr\/impressum\/\" \/>\n<meta property=\"og:locale\" content=\"sr_RS\" \/>\n<meta property=\"og:type\" content=\"article\" \/>\n<meta property=\"og:title\" content=\"Impresum - Ginkgo Synthese\" \/>\n<meta property=\"og:url\" content=\"https:\/\/ginkgo-syn.de\/sr\/impressum\/\" \/>\n<meta property=\"og:site_name\" content=\"Ginkgo Synthese\" \/>\n<meta property=\"article:publisher\" content=\"https:\/\/www.facebook.com\/profile.php?id=61581020225582\" \/>\n<meta property=\"article:modified_time\" content=\"2025-09-11T14:45:58+00:00\" \/>\n<meta name=\"twitter:card\" content=\"summary_large_image\" \/>\n<meta name=\"twitter:label1\" content=\"\u041f\u0440\u043e\u0446\u0435\u045a\u0435\u043d\u043e \u0432\u0440\u0435\u043c\u0435 \u0447\u0438\u0442\u0430\u045a\u0430\" \/>\n\t<meta name=\"twitter:data1\" content=\"2 \u043c\u0438\u043d\u0443\u0442\u0430\" \/>\n<script type=\"application\/ld+json\" class=\"yoast-schema-graph\">{\"@context\":\"https:\/\/schema.org\",\"@graph\":[{\"@type\":\"WebPage\",\"@id\":\"https:\/\/ginkgo-syn.de\/sr\/impressum\/\",\"url\":\"https:\/\/ginkgo-syn.de\/sr\/impressum\/\",\"name\":\"Impresum - Ginkgo Synthese\",\"isPartOf\":{\"@id\":\"https:\/\/ginkgo-syn.de\/#website\"},\"datePublished\":\"2021-04-14T16:40:22+00:00\",\"dateModified\":\"2025-09-11T14:45:58+00:00\",\"breadcrumb\":{\"@id\":\"https:\/\/ginkgo-syn.de\/sr\/impressum\/#breadcrumb\"},\"inLanguage\":\"sr-RS\",\"potentialAction\":[{\"@type\":\"ReadAction\",\"target\":[\"https:\/\/ginkgo-syn.de\/sr\/impressum\/\"]}]},{\"@type\":\"BreadcrumbList\",\"@id\":\"https:\/\/ginkgo-syn.de\/sr\/impressum\/#breadcrumb\",\"itemListElement\":[{\"@type\":\"ListItem\",\"position\":1,\"name\":\"Home\",\"item\":\"https:\/\/ginkgo-syn.de\/sr\/ginkgo-synthese\/\"},{\"@type\":\"ListItem\",\"position\":2,\"name\":\"Impresum\"}]},{\"@type\":\"WebSite\",\"@id\":\"https:\/\/ginkgo-syn.de\/#website\",\"url\":\"https:\/\/ginkgo-syn.de\/\",\"name\":\"GINKGO Synthese\",\"description\":\"Begegnung neu gestalten!\",\"publisher\":{\"@id\":\"https:\/\/ginkgo-syn.de\/#organization\"},\"potentialAction\":[{\"@type\":\"SearchAction\",\"target\":{\"@type\":\"EntryPoint\",\"urlTemplate\":\"https:\/\/ginkgo-syn.de\/?s={search_term_string}\"},\"query-input\":{\"@type\":\"PropertyValueSpecification\",\"valueRequired\":true,\"valueName\":\"search_term_string\"}}],\"inLanguage\":\"sr-RS\"},{\"@type\":\"Organization\",\"@id\":\"https:\/\/ginkgo-syn.de\/#organization\",\"name\":\"GINKGO M\u00f6glichkeitenRaum\",\"url\":\"https:\/\/ginkgo-syn.de\/\",\"logo\":{\"@type\":\"ImageObject\",\"inLanguage\":\"sr-RS\",\"@id\":\"https:\/\/ginkgo-syn.de\/#\/schema\/logo\/image\/\",\"url\":\"https:\/\/ginkgo-syn.de\/wp-content\/uploads\/2025\/09\/Design-ohne-Titel-11.png\",\"contentUrl\":\"https:\/\/ginkgo-syn.de\/wp-content\/uploads\/2025\/09\/Design-ohne-Titel-11.png\",\"width\":1080,\"height\":1350,\"caption\":\"GINKGO M\u00f6glichkeitenRaum\"},\"image\":{\"@id\":\"https:\/\/ginkgo-syn.de\/#\/schema\/logo\/image\/\"},\"sameAs\":[\"https:\/\/www.facebook.com\/profile.php?id=61581020225582\",\"https:\/\/www.instagram.com\/ginkgo_moeglichkeitenraum\/?hl=de\"]}]}<\/script>\n<!-- \/ Yoast SEO plugin. -->","yoast_head_json":{"title":"Impresum - Ginkgo Synthese","robots":{"index":"index","follow":"follow","max-snippet":"max-snippet:-1","max-image-preview":"max-image-preview:large","max-video-preview":"max-video-preview:-1"},"canonical":"https:\/\/ginkgo-syn.de\/sr\/impressum\/","og_locale":"sr_RS","og_type":"article","og_title":"Impresum - Ginkgo Synthese","og_url":"https:\/\/ginkgo-syn.de\/sr\/impressum\/","og_site_name":"Ginkgo Synthese","article_publisher":"https:\/\/www.facebook.com\/profile.php?id=61581020225582","article_modified_time":"2025-09-11T14:45:58+00:00","twitter_card":"summary_large_image","twitter_misc":{"\u041f\u0440\u043e\u0446\u0435\u045a\u0435\u043d\u043e \u0432\u0440\u0435\u043c\u0435 \u0447\u0438\u0442\u0430\u045a\u0430":"2 \u043c\u0438\u043d\u0443\u0442\u0430"},"schema":{"@context":"https:\/\/schema.org","@graph":[{"@type":"WebPage","@id":"https:\/\/ginkgo-syn.de\/sr\/impressum\/","url":"https:\/\/ginkgo-syn.de\/sr\/impressum\/","name":"Impresum - Ginkgo Synthese","isPartOf":{"@id":"https:\/\/ginkgo-syn.de\/#website"},"datePublished":"2021-04-14T16:40:22+00:00","dateModified":"2025-09-11T14:45:58+00:00","breadcrumb":{"@id":"https:\/\/ginkgo-syn.de\/sr\/impressum\/#breadcrumb"},"inLanguage":"sr-RS","potentialAction":[{"@type":"ReadAction","target":["https:\/\/ginkgo-syn.de\/sr\/impressum\/"]}]},{"@type":"BreadcrumbList","@id":"https:\/\/ginkgo-syn.de\/sr\/impressum\/#breadcrumb","itemListElement":[{"@type":"ListItem","position":1,"name":"Home","item":"https:\/\/ginkgo-syn.de\/sr\/ginkgo-synthese\/"},{"@type":"ListItem","position":2,"name":"Impresum"}]},{"@type":"WebSite","@id":"https:\/\/ginkgo-syn.de\/#website","url":"https:\/\/ginkgo-syn.de\/","name":"GINKGO Synthese","description":"Begegnung neu gestalten!","publisher":{"@id":"https:\/\/ginkgo-syn.de\/#organization"},"potentialAction":[{"@type":"SearchAction","target":{"@type":"EntryPoint","urlTemplate":"https:\/\/ginkgo-syn.de\/?s={search_term_string}"},"query-input":{"@type":"PropertyValueSpecification","valueRequired":true,"valueName":"search_term_string"}}],"inLanguage":"sr-RS"},{"@type":"Organization","@id":"https:\/\/ginkgo-syn.de\/#organization","name":"GINKGO M\u00f6glichkeitenRaum","url":"https:\/\/ginkgo-syn.de\/","logo":{"@type":"ImageObject","inLanguage":"sr-RS","@id":"https:\/\/ginkgo-syn.de\/#\/schema\/logo\/image\/","url":"https:\/\/ginkgo-syn.de\/wp-content\/uploads\/2025\/09\/Design-ohne-Titel-11.png","contentUrl":"https:\/\/ginkgo-syn.de\/wp-content\/uploads\/2025\/09\/Design-ohne-Titel-11.png","width":1080,"height":1350,"caption":"GINKGO M\u00f6glichkeitenRaum"},"image":{"@id":"https:\/\/ginkgo-syn.de\/#\/schema\/logo\/image\/"},"sameAs":["https:\/\/www.facebook.com\/profile.php?id=61581020225582","https:\/\/www.instagram.com\/ginkgo_moeglichkeitenraum\/?hl=de"]}]}},"jetpack_sharing_enabled":true,"_links":{"self":[{"href":"https:\/\/ginkgo-syn.de\/sr\/wp-json\/wp\/v2\/pages\/2169","targetHints":{"allow":["GET"]}}],"collection":[{"href":"https:\/\/ginkgo-syn.de\/sr\/wp-json\/wp\/v2\/pages"}],"about":[{"href":"https:\/\/ginkgo-syn.de\/sr\/wp-json\/wp\/v2\/types\/page"}],"author":[{"embeddable":true,"href":"https:\/\/ginkgo-syn.de\/sr\/wp-json\/wp\/v2\/users\/3"}],"replies":[{"embeddable":true,"href":"https:\/\/ginkgo-syn.de\/sr\/wp-json\/wp\/v2\/comments?post=2169"}],"version-history":[{"count":1,"href":"https:\/\/ginkgo-syn.de\/sr\/wp-json\/wp\/v2\/pages\/2169\/revisions"}],"predecessor-version":[{"id":2173,"href":"https:\/\/ginkgo-syn.de\/sr\/wp-json\/wp\/v2\/pages\/2169\/revisions\/2173"}],"wp:attachment":[{"href":"https:\/\/ginkgo-syn.de\/sr\/wp-json\/wp\/v2\/media?parent=2169"}],"curies":[{"name":"wp","href":"https:\/\/api.w.org\/{rel}","templated":true}]}}